{"id":64,"date":"2012-09-14T10:13:27","date_gmt":"2012-09-14T08:13:27","guid":{"rendered":"http:\/\/krassen5.se\/?page_id=64"},"modified":"2012-09-14T10:13:27","modified_gmt":"2012-09-14T08:13:27","slug":"trivsel-och-forhallningsregler","status":"publish","type":"page","link":"https:\/\/krassen5.se\/?page_id=64","title":{"rendered":"Trivsel- och f\u00f6rh\u00e5llningsregler"},"content":{"rendered":"<p>F\u00f6reningens trivsel- och f\u00f6rh\u00e5llningsregler g\u00e4ller som ett komplement till f\u00f6reningens stadgar. Det \u00e4r d\u00e4rf\u00f6r v\u00e4ldigt viktigt att k\u00e4nna till dessa.<\/p>\n<p><a href=\"https:\/\/krassen5.se\/wp-content\/uploads\/2012\/09\/Trivsel-o-forhallningsregler-Brf-Krassen-5_2012-08-231.pdf\">Trivsel- o f\u00f6rh\u00e5llningsregler<\/a><\/p>\n\n\n<div class=\"wp-block-file\"><a href=\"https:\/\/krassen5.se\/wp-content\/uploads\/2022\/11\/Krassen-5-info-till-nya-boende-1.pdf\">Brandskyddsinformation    <\/a><a href=\"https:\/\/krassen5.se\/wp-content\/uploads\/2022\/11\/Krassen-5-info-till-nya-boende-1.pdf\" class=\"wp-block-file__button\" download>Download<\/a><\/div>\n\n\n\n<p><\/p>\n","protected":false},"excerpt":{"rendered":"<p>F\u00f6reningens trivsel- och f\u00f6rh\u00e5llningsregler g\u00e4ller som ett komplement till f\u00f6reningens stadgar. Det \u00e4r d\u00e4rf\u00f6r v\u00e4ldigt viktigt att k\u00e4nna till dessa. Trivsel- o f\u00f6rh\u00e5llningsregler<\/p>\n","protected":false},"author":3,"featured_media":0,"parent":52,"menu_order":3,"comment_status":"closed","ping_status":"open","template":"","meta":{"footnotes":""},"class_list":["post-64","page","type-page","status-publish","hentry"],"_links":{"self":[{"href":"https:\/\/krassen5.se\/index.php?rest_route=\/wp\/v2\/pages\/64","targetHints":{"allow":["GET"]}}],"collection":[{"href":"https:\/\/krassen5.se\/index.php?rest_route=\/wp\/v2\/pages"}],"about":[{"href":"https:\/\/krassen5.se\/index.php?rest_route=\/wp\/v2\/types\/page"}],"author":[{"embeddable":true,"href":"https:\/\/krassen5.se\/index.php?rest_route=\/wp\/v2\/users\/3"}],"replies":[{"embeddable":true,"href":"https:\/\/krassen5.se\/index.php?rest_route=%2Fwp%2Fv2%2Fcomments&post=64"}],"version-history":[{"count":0,"href":"https:\/\/krassen5.se\/index.php?rest_route=\/wp\/v2\/pages\/64\/revisions"}],"up":[{"embeddable":true,"href":"https:\/\/krassen5.se\/index.php?rest_route=\/wp\/v2\/pages\/52"}],"wp:attachment":[{"href":"https:\/\/krassen5.se\/index.php?rest_route=%2Fwp%2Fv2%2Fmedia&parent=64"}],"curies":[{"name":"wp","href":"https:\/\/api.w.org\/{rel}","templated":true}]}}