{"id":62,"date":"2012-09-14T10:12:50","date_gmt":"2012-09-14T08:12:50","guid":{"rendered":"http:\/\/krassen5.se\/?page_id=62"},"modified":"2012-09-14T10:12:50","modified_gmt":"2012-09-14T08:12:50","slug":"autogiro","status":"publish","type":"page","link":"https:\/\/krassen5.se\/?page_id=62","title":{"rendered":"Autogiro"},"content":{"rendered":"<p>Om du vill betala din avgift via autogiro kan du fylla i blanketten nedan och skicka in till f\u00f6reningens ekonomiska f\u00f6rvaltare.<\/p>\n<p><a href=\"http:\/\/www.mediator.se\/documents\/autogiroblankett.pdf\">Ans\u00f6kan om autogiro<\/a><\/p>\n","protected":false},"excerpt":{"rendered":"<p>Om du vill betala din avgift via autogiro kan du fylla i blanketten nedan och skicka in till f\u00f6reningens ekonomiska f\u00f6rvaltare. Ans\u00f6kan om autogiro<\/p>\n","protected":false},"author":3,"featured_media":0,"parent":106,"menu_order":8,"comment_status":"closed","ping_status":"closed","template":"","meta":{"footnotes":""},"class_list":["post-62","page","type-page","status-publish","hentry"],"_links":{"self":[{"href":"https:\/\/krassen5.se\/index.php?rest_route=\/wp\/v2\/pages\/62","targetHints":{"allow":["GET"]}}],"collection":[{"href":"https:\/\/krassen5.se\/index.php?rest_route=\/wp\/v2\/pages"}],"about":[{"href":"https:\/\/krassen5.se\/index.php?rest_route=\/wp\/v2\/types\/page"}],"author":[{"embeddable":true,"href":"https:\/\/krassen5.se\/index.php?rest_route=\/wp\/v2\/users\/3"}],"replies":[{"embeddable":true,"href":"https:\/\/krassen5.se\/index.php?rest_route=%2Fwp%2Fv2%2Fcomments&post=62"}],"version-history":[{"count":0,"href":"https:\/\/krassen5.se\/index.php?rest_route=\/wp\/v2\/pages\/62\/revisions"}],"up":[{"embeddable":true,"href":"https:\/\/krassen5.se\/index.php?rest_route=\/wp\/v2\/pages\/106"}],"wp:attachment":[{"href":"https:\/\/krassen5.se\/index.php?rest_route=%2Fwp%2Fv2%2Fmedia&parent=62"}],"curies":[{"name":"wp","href":"https:\/\/api.w.org\/{rel}","templated":true}]}}