{"id":58,"date":"2012-09-14T10:12:07","date_gmt":"2012-09-14T08:12:07","guid":{"rendered":"http:\/\/krassen5.se\/?page_id=58"},"modified":"2025-05-29T19:16:41","modified_gmt":"2025-05-29T19:16:41","slug":"arsredovisningar","status":"publish","type":"page","link":"https:\/\/krassen5.se\/?page_id=58","title":{"rendered":"\u00c5rsredovisningar"},"content":{"rendered":"<p>F\u00f6reningens ekonomiska f\u00f6rvaltare <a href=\"http:\/\/www.mediator.se\/\">Mediator Fastighetskonsult<\/a> uppr\u00e4ttar f\u00f6reningens bokslut och \u00e5rsredovisningar och bist\u00e5r styrelsen i arbetet med att f\u00f6rb\u00e4ttra f\u00f6reningens ekonomi. \u00c5rsredovisningen \u00e4r en sammanst\u00e4llning av f\u00f6reningens verksamhet under ett \u00e5r.<\/p>\n<p><a href=\"https:\/\/krassen5.se\/wp-content\/uploads\/2025\/05\/Brf-Krassen-nr-5-Arsredovisning-2024.pdf\">\u00c5rsredovisning f\u00f6r 2024<\/a><\/p>\n<p><a href=\"https:\/\/krassen5.se\/wp-content\/uploads\/2024\/06\/Brf-Krassen-nr-5-Arsredovisning-2023.pdf\">\u00c5rsredovisning f\u00f6r 2023<\/a><\/p>\n<p><a href=\"https:\/\/krassen5.se\/wp-content\/uploads\/2024\/06\/Brf-Krassen-nr-5-Arsredovisning-2023-OCR.pdf\">\u00c5rsredovisning f\u00f6r 2023 (S\u00f6kbar)<\/a><\/p>\n<p><a href=\"https:\/\/krassen5.se\/wp-content\/uploads\/2023\/05\/Brf-Krassen-nr-5-Arsredovisning-2022-.pdf\">\u00c5rsredovisning f\u00f6r 2022<\/a><\/p>\n<p><a href=\"https:\/\/krassen5.se\/wp-content\/uploads\/2022\/03\/Arsredovisning-for-2021.pdf\">A\u030arsredovisning fo\u0308r 2021<\/a><\/p>\n<p><a href=\"https:\/\/krassen5.se\/wp-content\/uploads\/2021\/05\/Brf-Krassen-Nr-5-AR-2020-1-1.pdf\">\u00c5rsredovisning f\u00f6r 2020<\/a><\/p>\n<p><a href=\"https:\/\/krassen5.se\/wp-content\/uploads\/2021\/05\/Krassen-nr-5-Arsredovisning-19.pdf\">\u00c5rsredovisningen f\u00f6r 2019<\/a><\/p>\n<p><a href=\"https:\/\/krassen5.se\/wp-content\/uploads\/2019\/09\/Arsredovisning-Krassen-nr-5-18.pdf\">\u00c5rsredovisningen f\u00f6r 2018<\/a><\/p>\n<p><a href=\"https:\/\/krassen5.se\/wp-content\/uploads\/2021\/05\/Arsredovisning-Krassen-nr-5-17.pdf\">\u00c5rsredovisningen f\u00f6r 2017<\/a><\/p>\n<p><a href=\"https:\/\/krassen5.se\/wp-content\/uploads\/2017\/10\/Arsredovisning-Krassen-5-2016.pdf\" rel=\"\">\u00c5rsredovisningen f\u00f6r 2016<\/a><\/p>\n<p><a href=\"https:\/\/krassen5.se\/wp-content\/uploads\/2017\/10\/Arsredovisning-Krassen-5-2015.pdf\">\u00c5rsredovisningen f\u00f6r 2015<\/a><\/p>\n<p><a href=\"https:\/\/krassen5.se\/wp-content\/uploads\/2017\/10\/Krassen-nr-5-2014.pdf\">\u00c5rsredovisningen f\u00f6r 2014<\/a><\/p>\n<p><a href=\"https:\/\/krassen5.se\/wp-content\/uploads\/2017\/10\/Arsredovisning-2013.pdf\">\u00c5rsredovisningen f\u00f6r 2013<\/a><\/p>\n<p><a href=\"https:\/\/krassen5.se\/wp-content\/uploads\/2013\/07\/arsredovisning-2012.pdf\">\u00c5rsredovisningen f\u00f6r 2012<\/a><\/p>\n<p><a href=\"https:\/\/krassen5.se\/wp-content\/uploads\/2012\/09\/Arsredovisning_2012-04-05_underskrifter_styrelsen.pdf\">\u00c5rsredovisningen f\u00f6r 2011<\/a><\/p>\n<p><a href=\"https:\/\/krassen5.se\/wp-content\/uploads\/2012\/09\/Arsredovisningen-2010.pdf\">\u00c5rsredovisningen f\u00f6r 2010<\/a><\/p>\n","protected":false},"excerpt":{"rendered":"<p>F\u00f6reningens ekonomiska f\u00f6rvaltare Mediator Fastighetskonsult uppr\u00e4ttar f\u00f6reningens bokslut och \u00e5rsredovisningar och bist\u00e5r styrelsen i arbetet med att f\u00f6rb\u00e4ttra f\u00f6reningens ekonomi. \u00c5rsredovisningen \u00e4r en sammanst\u00e4llning av f\u00f6reningens verksamhet under ett \u00e5r. \u00c5rsredovisning f\u00f6r 2024 \u00c5rsredovisning f\u00f6r 2023 \u00c5rsredovisning f\u00f6r 2023 (S\u00f6kbar)<\/p>\n","protected":false},"author":3,"featured_media":0,"parent":52,"menu_order":0,"comment_status":"closed","ping_status":"open","template":"","meta":{"footnotes":""},"class_list":["post-58","page","type-page","status-publish","hentry"],"_links":{"self":[{"href":"https:\/\/krassen5.se\/index.php?rest_route=\/wp\/v2\/pages\/58","targetHints":{"allow":["GET"]}}],"collection":[{"href":"https:\/\/krassen5.se\/index.php?rest_route=\/wp\/v2\/pages"}],"about":[{"href":"https:\/\/krassen5.se\/index.php?rest_route=\/wp\/v2\/types\/page"}],"author":[{"embeddable":true,"href":"https:\/\/krassen5.se\/index.php?rest_route=\/wp\/v2\/users\/3"}],"replies":[{"embeddable":true,"href":"https:\/\/krassen5.se\/index.php?rest_route=%2Fwp%2Fv2%2Fcomments&post=58"}],"version-history":[{"count":3,"href":"https:\/\/krassen5.se\/index.php?rest_route=\/wp\/v2\/pages\/58\/revisions"}],"predecessor-version":[{"id":749,"href":"https:\/\/krassen5.se\/index.php?rest_route=\/wp\/v2\/pages\/58\/revisions\/749"}],"up":[{"embeddable":true,"href":"https:\/\/krassen5.se\/index.php?rest_route=\/wp\/v2\/pages\/52"}],"wp:attachment":[{"href":"https:\/\/krassen5.se\/index.php?rest_route=%2Fwp%2Fv2%2Fmedia&parent=58"}],"curies":[{"name":"wp","href":"https:\/\/api.w.org\/{rel}","templated":true}]}}