{"id":56,"date":"2012-09-14T10:11:45","date_gmt":"2012-09-14T08:11:45","guid":{"rendered":"http:\/\/krassen5.se\/?page_id=56"},"modified":"2012-09-14T10:11:45","modified_gmt":"2012-09-14T08:11:45","slug":"ekonomisk-plan","status":"publish","type":"page","link":"https:\/\/krassen5.se\/?page_id=56","title":{"rendered":"Ekonomisk plan"},"content":{"rendered":"<p>Den ekonomiska planen fr\u00e5n 2010 \u00e4r inte helt korrekt. D\u00e4rf\u00f6r\u00a0rekommenderar vi er att ist\u00e4llet ta del av de \u00e5rsredovisningar som finns tillhands under <a title=\"\u00c5rsredovisningar\" href=\"http:\/\/krassen5.se\/?page_id=58\" target=\"_blank\" rel=\"noopener\">\u00c5rsredovisningar<\/a>.<\/p>\n<p><a href=\"https:\/\/krassen5.se\/wp-content\/uploads\/2012\/09\/Ek-plan.pdf\">Ekonomisk plan<\/a><\/p>\n","protected":false},"excerpt":{"rendered":"<p>Den ekonomiska planen fr\u00e5n 2010 \u00e4r inte helt korrekt. D\u00e4rf\u00f6r\u00a0rekommenderar vi er att ist\u00e4llet ta del av de \u00e5rsredovisningar som finns tillhands under \u00c5rsredovisningar. Ekonomisk plan<\/p>\n","protected":false},"author":3,"featured_media":0,"parent":52,"menu_order":0,"comment_status":"closed","ping_status":"open","template":"","meta":{"footnotes":""},"class_list":["post-56","page","type-page","status-publish","hentry"],"_links":{"self":[{"href":"https:\/\/krassen5.se\/index.php?rest_route=\/wp\/v2\/pages\/56","targetHints":{"allow":["GET"]}}],"collection":[{"href":"https:\/\/krassen5.se\/index.php?rest_route=\/wp\/v2\/pages"}],"about":[{"href":"https:\/\/krassen5.se\/index.php?rest_route=\/wp\/v2\/types\/page"}],"author":[{"embeddable":true,"href":"https:\/\/krassen5.se\/index.php?rest_route=\/wp\/v2\/users\/3"}],"replies":[{"embeddable":true,"href":"https:\/\/krassen5.se\/index.php?rest_route=%2Fwp%2Fv2%2Fcomments&post=56"}],"version-history":[{"count":0,"href":"https:\/\/krassen5.se\/index.php?rest_route=\/wp\/v2\/pages\/56\/revisions"}],"up":[{"embeddable":true,"href":"https:\/\/krassen5.se\/index.php?rest_route=\/wp\/v2\/pages\/52"}],"wp:attachment":[{"href":"https:\/\/krassen5.se\/index.php?rest_route=%2Fwp%2Fv2%2Fmedia&parent=56"}],"curies":[{"name":"wp","href":"https:\/\/api.w.org\/{rel}","templated":true}]}}