{"id":54,"date":"2012-09-14T10:11:29","date_gmt":"2012-09-14T08:11:29","guid":{"rendered":"http:\/\/krassen5.se\/?page_id=54"},"modified":"2012-09-14T10:11:29","modified_gmt":"2012-09-14T08:11:29","slug":"stadgar","status":"publish","type":"page","link":"https:\/\/krassen5.se\/?page_id=54","title":{"rendered":"Stadgar"},"content":{"rendered":"<p>F\u00f6reningens stadgar reglerar\u00a0verksamheten inom Brf Krassen 5\u00a0och\u00a0omfattar bland annat f\u00f6reningens \u00e4ndam\u00e5l och s\u00e4te,\u00a0medlemskap och \u00f6verl\u00e5telse av bostadsr\u00e4tt, insatser, avgifter, bostadsr\u00e4ttshavares r\u00e4ttigheter och skyldigheter, styrelsen, r\u00e4kenskaper och revision, f\u00f6reningsst\u00e4mma, meddelande till medlemmarna.\u00a0\u00a0\u00a0\u00a0\u00a0\u00a0\u00a0\u00a0\u00a0\u00a0\u00a0\u00a0\u00a0\u00a0\u00a0\u00a0\u00a0\u00a0\u00a0\u00a0\u00a0\u00a0\u00a0\u00a0\u00a0\u00a0\u00a0\u00a0\u00a0\u00a0\u00a0\u00a0\u00a0\u00a0\u00a0\u00a0\u00a0\u00a0\u00a0\u00a0\u00a0\u00a0\u00a0\u00a0\u00a0\u00a0\u00a0\u00a0\u00a0\u00a0\u00a0\u00a0 F\u00f6r\u00e4ndring i stadgarna beslutas normalt vid \u00e5rsm\u00f6te.<\/p>\n<p><a href=\"https:\/\/krassen5.se\/wp-content\/uploads\/2019\/09\/Stadgar-Brf-Krassen-nr-5-2018.pdf\" rel=\"\">Stadgar, Brf Krassen 5<\/a><\/p>\n<p>&nbsp;<\/p>\n","protected":false},"excerpt":{"rendered":"<p>F\u00f6reningens stadgar reglerar\u00a0verksamheten inom Brf Krassen 5\u00a0och\u00a0omfattar bland annat f\u00f6reningens \u00e4ndam\u00e5l och s\u00e4te,\u00a0medlemskap och \u00f6verl\u00e5telse av bostadsr\u00e4tt, insatser, avgifter, bostadsr\u00e4ttshavares r\u00e4ttigheter och skyldigheter, styrelsen, r\u00e4kenskaper och revision, f\u00f6reningsst\u00e4mma, meddelande till medlemmarna.\u00a0\u00a0\u00a0\u00a0\u00a0\u00a0\u00a0\u00a0\u00a0\u00a0\u00a0\u00a0\u00a0\u00a0\u00a0\u00a0\u00a0\u00a0\u00a0\u00a0\u00a0\u00a0\u00a0\u00a0\u00a0\u00a0\u00a0\u00a0\u00a0\u00a0\u00a0\u00a0\u00a0\u00a0\u00a0\u00a0\u00a0\u00a0\u00a0\u00a0\u00a0\u00a0\u00a0\u00a0\u00a0\u00a0\u00a0\u00a0\u00a0\u00a0\u00a0\u00a0 F\u00f6r\u00e4ndring i stadgarna beslutas normalt vid \u00e5rsm\u00f6te. Stadgar, Brf<\/p>\n","protected":false},"author":3,"featured_media":0,"parent":52,"menu_order":0,"comment_status":"closed","ping_status":"open","template":"","meta":{"footnotes":""},"class_list":["post-54","page","type-page","status-publish","hentry"],"_links":{"self":[{"href":"https:\/\/krassen5.se\/index.php?rest_route=\/wp\/v2\/pages\/54","targetHints":{"allow":["GET"]}}],"collection":[{"href":"https:\/\/krassen5.se\/index.php?rest_route=\/wp\/v2\/pages"}],"about":[{"href":"https:\/\/krassen5.se\/index.php?rest_route=\/wp\/v2\/types\/page"}],"author":[{"embeddable":true,"href":"https:\/\/krassen5.se\/index.php?rest_route=\/wp\/v2\/users\/3"}],"replies":[{"embeddable":true,"href":"https:\/\/krassen5.se\/index.php?rest_route=%2Fwp%2Fv2%2Fcomments&post=54"}],"version-history":[{"count":0,"href":"https:\/\/krassen5.se\/index.php?rest_route=\/wp\/v2\/pages\/54\/revisions"}],"up":[{"embeddable":true,"href":"https:\/\/krassen5.se\/index.php?rest_route=\/wp\/v2\/pages\/52"}],"wp:attachment":[{"href":"https:\/\/krassen5.se\/index.php?rest_route=%2Fwp%2Fv2%2Fmedia&parent=54"}],"curies":[{"name":"wp","href":"https:\/\/api.w.org\/{rel}","templated":true}]}}