{"id":52,"date":"2012-09-14T10:11:18","date_gmt":"2012-09-14T08:11:18","guid":{"rendered":"http:\/\/krassen5.se\/?page_id=52"},"modified":"2012-09-14T10:11:18","modified_gmt":"2012-09-14T08:11:18","slug":"dokument-2","status":"publish","type":"page","link":"https:\/\/krassen5.se\/?page_id=52","title":{"rendered":"Dokument"},"content":{"rendered":"\n<h3 class=\"wp-block-heading\"><a href=\"http:\/\/krassen5.se\/?page_id=58\">\u00c5rsredovisningar<\/a><\/h3>\n\n\n\n<h3 class=\"wp-block-heading\"><a href=\"http:\/\/krassen5.se\/?page_id=56\">Ekonomisk plan<\/a><\/h3>\n\n\n\n<h3 class=\"wp-block-heading\"><a href=\"http:\/\/krassen5.se\/?page_id=54\">Stadgar<\/a><\/h3>\n\n\n\n<h3 class=\"wp-block-heading\"><a href=\"http:\/\/krassen5.se\/?page_id=64\">Trivsel- och f\u00f6rh\u00e5llningsregler<\/a><\/h3>\n\n\n\n<p><\/p>\n","protected":false},"excerpt":{"rendered":"<p>\u00c5rsredovisningar Ekonomisk plan Stadgar Trivsel- och f\u00f6rh\u00e5llningsregler<\/p>\n","protected":false},"author":3,"featured_media":0,"parent":0,"menu_order":4,"comment_status":"closed","ping_status":"closed","template":"","meta":{"footnotes":""},"class_list":["post-52","page","type-page","status-publish","hentry"],"_links":{"self":[{"href":"https:\/\/krassen5.se\/index.php?rest_route=\/wp\/v2\/pages\/52","targetHints":{"allow":["GET"]}}],"collection":[{"href":"https:\/\/krassen5.se\/index.php?rest_route=\/wp\/v2\/pages"}],"about":[{"href":"https:\/\/krassen5.se\/index.php?rest_route=\/wp\/v2\/types\/page"}],"author":[{"embeddable":true,"href":"https:\/\/krassen5.se\/index.php?rest_route=\/wp\/v2\/users\/3"}],"replies":[{"embeddable":true,"href":"https:\/\/krassen5.se\/index.php?rest_route=%2Fwp%2Fv2%2Fcomments&post=52"}],"version-history":[{"count":0,"href":"https:\/\/krassen5.se\/index.php?rest_route=\/wp\/v2\/pages\/52\/revisions"}],"wp:attachment":[{"href":"https:\/\/krassen5.se\/index.php?rest_route=%2Fwp%2Fv2%2Fmedia&parent=52"}],"curies":[{"name":"wp","href":"https:\/\/api.w.org\/{rel}","templated":true}]}}