{"id":50,"date":"2012-09-14T10:10:53","date_gmt":"2012-09-14T08:10:53","guid":{"rendered":"http:\/\/krassen5.se\/?page_id=50"},"modified":"2012-09-14T10:10:53","modified_gmt":"2012-09-14T08:10:53","slug":"felanmalan","status":"publish","type":"page","link":"https:\/\/krassen5.se\/?page_id=50","title":{"rendered":"Felanm\u00e4lan"},"content":{"rendered":"<p>Om felet g\u00e4ller <strong>gemensamma\u00a0utrymmen<\/strong>\u00a0(fastigheten f\u00f6rutom din egen l\u00e4genhet) ska du kontakta\u00a0<a href=\"lotmogatan7@gmail.com\">styrelsen<\/a>\u00a0som g\u00f6r felanm\u00e4lan. M\u00e4rk g\u00e4rna upp med en lapp att felanm\u00e4lan \u00e4r gjord till styrelsen och vilket datum, s\u00e5 undviker vi att flera felanm\u00e4ler samma sak.<\/p>\n<p>Vid\u00a0<strong>akuta felanm\u00e4lningar<\/strong>\u00a0kontaktar du Driftia F\u00f6rvaltning AB via telefonnummer 08-7440950.<\/p>\n<p>Vid felanm\u00e4lan i <strong>din egen l\u00e4genhet<\/strong>\u00a0kan du kontakta v\u00e5r fastighetsf\u00f6rvaltare\u00a0Driftia F\u00f6rvaltning AB\u00a0genom deras <a href=\"http:\/\/www.driftia.se\/felanmalan\">kontaktformul\u00e4r.<\/a>\u00a0 D\u00e5 f\u00e5r du sj\u00e4lv bekosta tj\u00e4nsten (t.ex. vid vattenl\u00e4ckage, elfel inne i l\u00e4genheten eller om\u00a0 vitvaror i l\u00e4genheten g\u00e5r s\u00f6nder). Det g\u00e5r bra att kontakta andra tj\u00e4nsteleverant\u00f6rer f\u00f6rutom vid l\u00e5sbyte eller kopiering av nycklar d\u00e5<strong> V\u00e4stberga L\u00e5s AB\u00a0<\/strong>m\u00e5ste anv\u00e4ndas.<\/p>\n<p>Vid livshotande faror ska du naturligtvis kontakta larmcentral via 112.<\/p>\n","protected":false},"excerpt":{"rendered":"<p>Om felet g\u00e4ller gemensamma\u00a0utrymmen\u00a0(fastigheten f\u00f6rutom din egen l\u00e4genhet) ska du kontakta\u00a0styrelsen\u00a0som g\u00f6r felanm\u00e4lan. M\u00e4rk g\u00e4rna upp med en lapp att felanm\u00e4lan \u00e4r gjord till styrelsen och vilket datum, s\u00e5 undviker vi att flera felanm\u00e4ler samma sak. Vid\u00a0akuta felanm\u00e4lningar\u00a0kontaktar du Driftia<\/p>\n","protected":false},"author":3,"featured_media":0,"parent":0,"menu_order":5,"comment_status":"closed","ping_status":"open","template":"","meta":{"footnotes":""},"class_list":["post-50","page","type-page","status-publish","hentry"],"_links":{"self":[{"href":"https:\/\/krassen5.se\/index.php?rest_route=\/wp\/v2\/pages\/50","targetHints":{"allow":["GET"]}}],"collection":[{"href":"https:\/\/krassen5.se\/index.php?rest_route=\/wp\/v2\/pages"}],"about":[{"href":"https:\/\/krassen5.se\/index.php?rest_route=\/wp\/v2\/types\/page"}],"author":[{"embeddable":true,"href":"https:\/\/krassen5.se\/index.php?rest_route=\/wp\/v2\/users\/3"}],"replies":[{"embeddable":true,"href":"https:\/\/krassen5.se\/index.php?rest_route=%2Fwp%2Fv2%2Fcomments&post=50"}],"version-history":[{"count":0,"href":"https:\/\/krassen5.se\/index.php?rest_route=\/wp\/v2\/pages\/50\/revisions"}],"wp:attachment":[{"href":"https:\/\/krassen5.se\/index.php?rest_route=%2Fwp%2Fv2%2Fmedia&parent=50"}],"curies":[{"name":"wp","href":"https:\/\/api.w.org\/{rel}","templated":true}]}}