{"id":48,"date":"2012-09-14T10:10:26","date_gmt":"2012-09-14T08:10:26","guid":{"rendered":"http:\/\/krassen5.se\/?page_id=48"},"modified":"2012-09-14T10:10:26","modified_gmt":"2012-09-14T08:10:26","slug":"styrelsen","status":"publish","type":"page","link":"https:\/\/krassen5.se\/?page_id=48","title":{"rendered":"Styrelsen"},"content":{"rendered":"<p>Styrelsen ska enligt stadgarna best\u00e5 av minst tre ledam\u00f6ter och tv\u00e5 suppleanter. Vid senaste st\u00e4mman beslutade man att styrelsen ska best\u00e5 av fem ledam\u00f6ter och tv\u00e5 suppleanter. Kontakta nuvarande styrelse om du har n\u00e5gra fr\u00e5gor eller synpunkter.<\/p>\n<p>Skriv mejl\u00a0till <a href=\"mailto:lotmogatan7@gmail.com\">lotmogatan7@gmail.com<\/a>\u00a0f\u00f6r att ta kontakt med styrelsen!<\/p>\n","protected":false},"excerpt":{"rendered":"<p>Styrelsen ska enligt stadgarna best\u00e5 av minst tre ledam\u00f6ter och tv\u00e5 suppleanter. Vid senaste st\u00e4mman beslutade man att styrelsen ska best\u00e5 av fem ledam\u00f6ter och tv\u00e5 suppleanter. Kontakta nuvarande styrelse om du har n\u00e5gra fr\u00e5gor eller synpunkter. Skriv mejl\u00a0till lotmogatan7@gmail.com\u00a0f\u00f6r<\/p>\n","protected":false},"author":3,"featured_media":0,"parent":33,"menu_order":1,"comment_status":"closed","ping_status":"open","template":"","meta":{"footnotes":""},"class_list":["post-48","page","type-page","status-publish","hentry"],"_links":{"self":[{"href":"https:\/\/krassen5.se\/index.php?rest_route=\/wp\/v2\/pages\/48","targetHints":{"allow":["GET"]}}],"collection":[{"href":"https:\/\/krassen5.se\/index.php?rest_route=\/wp\/v2\/pages"}],"about":[{"href":"https:\/\/krassen5.se\/index.php?rest_route=\/wp\/v2\/types\/page"}],"author":[{"embeddable":true,"href":"https:\/\/krassen5.se\/index.php?rest_route=\/wp\/v2\/users\/3"}],"replies":[{"embeddable":true,"href":"https:\/\/krassen5.se\/index.php?rest_route=%2Fwp%2Fv2%2Fcomments&post=48"}],"version-history":[{"count":0,"href":"https:\/\/krassen5.se\/index.php?rest_route=\/wp\/v2\/pages\/48\/revisions"}],"up":[{"embeddable":true,"href":"https:\/\/krassen5.se\/index.php?rest_route=\/wp\/v2\/pages\/33"}],"wp:attachment":[{"href":"https:\/\/krassen5.se\/index.php?rest_route=%2Fwp%2Fv2%2Fmedia&parent=48"}],"curies":[{"name":"wp","href":"https:\/\/api.w.org\/{rel}","templated":true}]}}