{"id":44,"date":"2012-09-14T10:09:46","date_gmt":"2012-09-14T08:09:46","guid":{"rendered":"http:\/\/krassen5.se\/?page_id=44"},"modified":"2025-04-07T13:17:07","modified_gmt":"2025-04-07T13:17:07","slug":"fastigheten","status":"publish","type":"page","link":"https:\/\/krassen5.se\/?page_id=44","title":{"rendered":"Fastigheten"},"content":{"rendered":"<p>F\u00f6reningen f\u00f6rv\u00e4rvade fastigheten 2010. Innan f\u00f6rv\u00e4rvet hade fastigheten genomg\u00e5tt en \u00a0totalrenovering mellan \u00e5ren 2009-2010.<\/p>\n<p><span style=\"text-decoration: underline;\">Renovering utv\u00e4ndigt 2009-2010<\/span><\/p>\n<ul>\n<li>Nyputsad fasad med extra isolering.<\/li>\n<li>Nya 3-glasf\u00f6nster och altand\u00f6rrar fr\u00e5n SP-f\u00f6nster.<\/li>\n<li>Nya f\u00f6nsterbleck i pl\u00e5t.<\/li>\n<li>Nya h\u00e4ngr\u00e4nnor och stupr\u00f6r.<\/li>\n<li>Ny takkonstruktion med tegeltak, pl\u00e5tinkl\u00e4dnad, altaner etc.<\/li>\n<li>Nytt entr\u00e9parti med ekportar. Portkodl\u00e5s.<\/li>\n<li>Nyanlagd gr\u00e4smatta mot g\u00e5rden, nyplanterade buskar och v\u00e4xter.<\/li>\n<li>Omdr\u00e4nerat p\u00e5 baksidan<\/li>\n<li>Nyrenoverade balkonger med nya\u00a0balkongpl\u00e5tar med \u00f6verliggare, samt nytt klinkergolv.<\/li>\n<li>4 st. nybyggda uteplatser<\/li>\n<li>3 st. nybyggda vindsaltaner<\/li>\n<li>Nybyggd grillplats med stenlagda ytor samt utem\u00f6bler.<\/li>\n<li>Nytt cykelst\u00e4ll med sk\u00e4rmtak.<\/li>\n<li>Nytt fastighetsf\u00f6rr\u00e5d f\u00f6r gr\u00e4sklippare krattor m.m.<\/li>\n<\/ul>\n<p><span style=\"text-decoration: underline;\">Renovering inv\u00e4ndigt 2009-2010<\/span><\/p>\n<ul>\n<li>Brevl\u00e5dor flyttade till entr\u00e9n.<\/li>\n<li>Trapphuset och trappr\u00e4cken nym\u00e5lade.<\/li>\n<li>Trappan och vilplanen i Gotl\u00e4ndsk kalksten \u00e4r rengjorda, slipade och polerade.<\/li>\n<li>Ny armatur i trapphus och vilplan med r\u00f6relsedetektorer, l\u00e5ngenergibelysning.<\/li>\n<li>Samtliga l\u00e4genhetsd\u00f6rrar utbytta till Daloc s\u00e4kerhetsklass 3.<\/li>\n<li>Nybyggd och helkaklad tv\u00e4ttstuga med 2 tv\u00e4ttmaskiner Miele och 1 torktumlare Miele.<\/li>\n<li>Nya k\u00e4llarf\u00f6rr\u00e5d Troax samt nylagt klinkergolv.<\/li>\n<li>Nytt ventilationssystem.<\/li>\n<li>Nya brandd\u00f6rrar.<\/li>\n<li>Nyinstallerad hiss fr\u00e5n Motalahiss.<\/li>\n<li>L\u00e4genhetsavskiljande v\u00e4ggar och tak \u00e4r nyisolerade.<\/li>\n<\/ul>\n<p><span style=\"text-decoration: underline;\">Teknik, VA, m.m.<\/span><\/p>\n<ul>\n<li>Nyinstallerad bergv\u00e4rmeanl\u00e4ggning IVT.<\/li>\n<li>Nya vatten, avlopps- och v\u00e4rmestammar.<\/li>\n<li>Ny undercentral och stigare enligt Svensk Standard.<\/li>\n<li>Ny el i l\u00e4genheterna. Elsk\u00e5p med automats\u00e4kringar.<\/li>\n<li>Nya radiatorer och termostater i l\u00e4genheterna.<\/li>\n<li>Elkablar infr\u00e4sta och dolda i v\u00e4gg.<\/li>\n<li>Str\u00f6mbrytare och eluttag i rostfritt fr\u00e5n Merten.<\/li>\n<\/ul>\n<p>2012 Energideklaration utf\u00f6rd<\/p>\n<p>2016 OVK besiktning utf\u00f6rd<\/p>\n<p>2018 fiber indragen i alla l\u00e4genheter f\u00f6r bredband\/TV\/IP-telefoni.<\/p>\n<p>2021 Stamspolning, ny torktumlare i tv\u00e4ttstugan, underh\u00e5llsplan uppr\u00e4ttad<\/p>\n<p>2021 OVK besiktning utf\u00f6rd<\/p>\n<p>2022\/2023 Dr\u00e4nering<\/p>\n<p>2022 Energideklaration utf\u00f6rd<\/p>\n<p>2023 Radonsug<\/p>\n","protected":false},"excerpt":{"rendered":"<p>F\u00f6reningen f\u00f6rv\u00e4rvade fastigheten 2010. Innan f\u00f6rv\u00e4rvet hade fastigheten genomg\u00e5tt en \u00a0totalrenovering mellan \u00e5ren 2009-2010. Renovering utv\u00e4ndigt 2009-2010 Nyputsad fasad med extra isolering. Nya 3-glasf\u00f6nster och altand\u00f6rrar fr\u00e5n SP-f\u00f6nster. Nya f\u00f6nsterbleck i pl\u00e5t. Nya h\u00e4ngr\u00e4nnor och stupr\u00f6r. Ny takkonstruktion med tegeltak,<\/p>\n","protected":false},"author":3,"featured_media":0,"parent":11,"menu_order":3,"comment_status":"closed","ping_status":"closed","template":"","meta":{"footnotes":""},"class_list":["post-44","page","type-page","status-publish","hentry"],"_links":{"self":[{"href":"https:\/\/krassen5.se\/index.php?rest_route=\/wp\/v2\/pages\/44","targetHints":{"allow":["GET"]}}],"collection":[{"href":"https:\/\/krassen5.se\/index.php?rest_route=\/wp\/v2\/pages"}],"about":[{"href":"https:\/\/krassen5.se\/index.php?rest_route=\/wp\/v2\/types\/page"}],"author":[{"embeddable":true,"href":"https:\/\/krassen5.se\/index.php?rest_route=\/wp\/v2\/users\/3"}],"replies":[{"embeddable":true,"href":"https:\/\/krassen5.se\/index.php?rest_route=%2Fwp%2Fv2%2Fcomments&post=44"}],"version-history":[{"count":1,"href":"https:\/\/krassen5.se\/index.php?rest_route=\/wp\/v2\/pages\/44\/revisions"}],"predecessor-version":[{"id":746,"href":"https:\/\/krassen5.se\/index.php?rest_route=\/wp\/v2\/pages\/44\/revisions\/746"}],"up":[{"embeddable":true,"href":"https:\/\/krassen5.se\/index.php?rest_route=\/wp\/v2\/pages\/11"}],"wp:attachment":[{"href":"https:\/\/krassen5.se\/index.php?rest_route=%2Fwp%2Fv2%2Fmedia&parent=44"}],"curies":[{"name":"wp","href":"https:\/\/api.w.org\/{rel}","templated":true}]}}