{"id":42,"date":"2012-09-14T10:09:27","date_gmt":"2012-09-14T08:09:27","guid":{"rendered":"http:\/\/krassen5.se\/?page_id=42"},"modified":"2024-06-16T19:06:45","modified_gmt":"2024-06-16T19:06:45","slug":"styrelsen","status":"publish","type":"page","link":"https:\/\/krassen5.se\/?page_id=42","title":{"rendered":"Styrelsen"},"content":{"rendered":"<p>Styrelsen ska enligt stadgarna best\u00e5 av minst tre ledam\u00f6ter och tv\u00e5 suppleanter.<\/p>\n<p>Just nu best\u00e5r styrelsen av f\u00f6ljande ledam\u00f6ter:<\/p>\n<p>Roderick Karlemstrand, ordf\u00f6rande<\/p>\n<p>Michael Larsson, kass\u00f6r<\/p>\n<p>Julian Hed\u00e9n, ledamot<\/p>\n<p>Linda Johansson, suppleant<\/p>\n<p>Malin Persson, suppleant<\/p>\n<p>Isabela Schachinger, suppleant<\/p>\n","protected":false},"excerpt":{"rendered":"<p>Styrelsen ska enligt stadgarna best\u00e5 av minst tre ledam\u00f6ter och tv\u00e5 suppleanter. Just nu best\u00e5r styrelsen av f\u00f6ljande ledam\u00f6ter: Roderick Karlemstrand, ordf\u00f6rande Michael Larsson, kass\u00f6r Julian Hed\u00e9n, ledamot Linda Johansson, suppleant Malin Persson, suppleant Isabela Schachinger, suppleant<\/p>\n","protected":false},"author":3,"featured_media":0,"parent":11,"menu_order":1,"comment_status":"closed","ping_status":"closed","template":"","meta":{"footnotes":""},"class_list":["post-42","page","type-page","status-publish","hentry"],"_links":{"self":[{"href":"https:\/\/krassen5.se\/index.php?rest_route=\/wp\/v2\/pages\/42","targetHints":{"allow":["GET"]}}],"collection":[{"href":"https:\/\/krassen5.se\/index.php?rest_route=\/wp\/v2\/pages"}],"about":[{"href":"https:\/\/krassen5.se\/index.php?rest_route=\/wp\/v2\/types\/page"}],"author":[{"embeddable":true,"href":"https:\/\/krassen5.se\/index.php?rest_route=\/wp\/v2\/users\/3"}],"replies":[{"embeddable":true,"href":"https:\/\/krassen5.se\/index.php?rest_route=%2Fwp%2Fv2%2Fcomments&post=42"}],"version-history":[{"count":2,"href":"https:\/\/krassen5.se\/index.php?rest_route=\/wp\/v2\/pages\/42\/revisions"}],"predecessor-version":[{"id":740,"href":"https:\/\/krassen5.se\/index.php?rest_route=\/wp\/v2\/pages\/42\/revisions\/740"}],"up":[{"embeddable":true,"href":"https:\/\/krassen5.se\/index.php?rest_route=\/wp\/v2\/pages\/11"}],"wp:attachment":[{"href":"https:\/\/krassen5.se\/index.php?rest_route=%2Fwp%2Fv2%2Fmedia&parent=42"}],"curies":[{"name":"wp","href":"https:\/\/api.w.org\/{rel}","templated":true}]}}