{"id":33,"date":"2012-09-14T09:39:18","date_gmt":"2012-09-14T07:39:18","guid":{"rendered":"http:\/\/krassen5.se\/?page_id=33"},"modified":"2012-09-14T09:39:18","modified_gmt":"2012-09-14T07:39:18","slug":"kontakt","status":"publish","type":"page","link":"https:\/\/krassen5.se\/?page_id=33","title":{"rendered":"Kontakt"},"content":{"rendered":"<p>H\u00e4r finner du kontaktuppgifterna till styrelsen och f\u00f6reningens ekonomiska f\u00f6rvaltare Mediator Fastighetskonsult.<\/p>\n","protected":false},"excerpt":{"rendered":"<p>H\u00e4r finner du kontaktuppgifterna till styrelsen och f\u00f6reningens ekonomiska f\u00f6rvaltare Mediator Fastighetskonsult.<\/p>\n","protected":false},"author":3,"featured_media":0,"parent":0,"menu_order":6,"comment_status":"closed","ping_status":"open","template":"","meta":{"footnotes":""},"class_list":["post-33","page","type-page","status-publish","hentry"],"_links":{"self":[{"href":"https:\/\/krassen5.se\/index.php?rest_route=\/wp\/v2\/pages\/33","targetHints":{"allow":["GET"]}}],"collection":[{"href":"https:\/\/krassen5.se\/index.php?rest_route=\/wp\/v2\/pages"}],"about":[{"href":"https:\/\/krassen5.se\/index.php?rest_route=\/wp\/v2\/types\/page"}],"author":[{"embeddable":true,"href":"https:\/\/krassen5.se\/index.php?rest_route=\/wp\/v2\/users\/3"}],"replies":[{"embeddable":true,"href":"https:\/\/krassen5.se\/index.php?rest_route=%2Fwp%2Fv2%2Fcomments&post=33"}],"version-history":[{"count":0,"href":"https:\/\/krassen5.se\/index.php?rest_route=\/wp\/v2\/pages\/33\/revisions"}],"wp:attachment":[{"href":"https:\/\/krassen5.se\/index.php?rest_route=%2Fwp%2Fv2%2Fmedia&parent=33"}],"curies":[{"name":"wp","href":"https:\/\/api.w.org\/{rel}","templated":true}]}}