{"id":172,"date":"2012-09-14T14:08:57","date_gmt":"2012-09-14T12:08:57","guid":{"rendered":"http:\/\/krassen5.se\/?page_id=172"},"modified":"2012-09-14T14:08:57","modified_gmt":"2012-09-14T12:08:57","slug":"forrad","status":"publish","type":"page","link":"https:\/\/krassen5.se\/?page_id=172","title":{"rendered":"F\u00f6rr\u00e5d"},"content":{"rendered":"<p>Till varje l\u00e4genhet h\u00f6r ett f\u00f6rr\u00e5d som ligger antingen i markplan eller i separat hus p\u00e5\u00a0inneg\u00e5rden.\u00a0F\u00f6rr\u00e5det \u00e4r m\u00e4rkt med samma nummer som l\u00e4genheten.<\/p>\n<p>Det \u00e4r naturligtvis inte till\u00e5tet att f\u00f6rvara brandfarliga \u00e4mnen eller annat i f\u00f6rr\u00e5det som kan orsaka skada.<\/p>\n<p><strong>V\u00e4ggarna i f\u00f6rr\u00e5den beh\u00f6ver andas<\/strong><\/p>\n<p>P\u00e5 grund av den vattenskada som drabbade den l\u00e4gre delen av v\u00e5r fastighet (l\u00e4genhet 1 och 2) den 18 juli 2012 s\u00e5 finns n\u00e5got f\u00f6rh\u00f6jda v\u00e4rden av fukt i v\u00e4ggarna i f\u00f6rr\u00e5den. Enligt f\u00f6retaget som genomf\u00f6rde fuktm\u00e4tningarna \u00e4r det dock inget som kr\u00e4ver n\u00e5gon \u00e5tg\u00e4rd. F\u00f6r att den lilla fukt som finns d\u00e4r ska f\u00f6rsvinna \u00e4r det dock viktigt att v\u00e4ggarna kan andas ordentligt. Detta \u00e4r s\u00e4rskilt viktigt n\u00e4r det regnar mycket och \u00e4r fuktigt ute.<\/p>\n<p>D\u00e4rf\u00f6r vill vi be er som har f\u00f6rr\u00e5d 11-19 att flytta ut era grejer n\u00e5gra centimeter fr\u00e5n v\u00e4ggarna, s\u00e5 att v\u00e4ggarna kan andas. Av f\u00f6rsiktighetssk\u00e4l ber vi er som har f\u00f6rr\u00e5d 20-30 att g\u00f6ra samma sak, \u00e4ven om era f\u00f6rr\u00e5d ligger h\u00f6gre \u00e4n f\u00f6rr\u00e5den som ligger i andra \u00e4nden av huset.<\/p>\n","protected":false},"excerpt":{"rendered":"<p>Till varje l\u00e4genhet h\u00f6r ett f\u00f6rr\u00e5d som ligger antingen i markplan eller i separat hus p\u00e5\u00a0inneg\u00e5rden.\u00a0F\u00f6rr\u00e5det \u00e4r m\u00e4rkt med samma nummer som l\u00e4genheten. Det \u00e4r naturligtvis inte till\u00e5tet att f\u00f6rvara brandfarliga \u00e4mnen eller annat i f\u00f6rr\u00e5det som kan orsaka skada.<\/p>\n","protected":false},"author":3,"featured_media":0,"parent":106,"menu_order":3,"comment_status":"closed","ping_status":"closed","template":"","meta":{"footnotes":""},"class_list":["post-172","page","type-page","status-publish","hentry"],"_links":{"self":[{"href":"https:\/\/krassen5.se\/index.php?rest_route=\/wp\/v2\/pages\/172","targetHints":{"allow":["GET"]}}],"collection":[{"href":"https:\/\/krassen5.se\/index.php?rest_route=\/wp\/v2\/pages"}],"about":[{"href":"https:\/\/krassen5.se\/index.php?rest_route=\/wp\/v2\/types\/page"}],"author":[{"embeddable":true,"href":"https:\/\/krassen5.se\/index.php?rest_route=\/wp\/v2\/users\/3"}],"replies":[{"embeddable":true,"href":"https:\/\/krassen5.se\/index.php?rest_route=%2Fwp%2Fv2%2Fcomments&post=172"}],"version-history":[{"count":0,"href":"https:\/\/krassen5.se\/index.php?rest_route=\/wp\/v2\/pages\/172\/revisions"}],"up":[{"embeddable":true,"href":"https:\/\/krassen5.se\/index.php?rest_route=\/wp\/v2\/pages\/106"}],"wp:attachment":[{"href":"https:\/\/krassen5.se\/index.php?rest_route=%2Fwp%2Fv2%2Fmedia&parent=172"}],"curies":[{"name":"wp","href":"https:\/\/api.w.org\/{rel}","templated":true}]}}