{"id":132,"date":"2012-09-14T13:00:45","date_gmt":"2012-09-14T11:00:45","guid":{"rendered":"http:\/\/krassen5.se\/?page_id=132"},"modified":"2012-09-14T13:00:45","modified_gmt":"2012-09-14T11:00:45","slug":"tvattstugan","status":"publish","type":"page","link":"https:\/\/krassen5.se\/?page_id=132","title":{"rendered":"Tv\u00e4ttstugan"},"content":{"rendered":"<p>I f\u00f6reningens tv\u00e4ttstuga finns tv\u00e5 maskiner, en torktumlare samt en tv\u00e4ttvagn. Samtliga maskiner \u00e4r fr\u00e5n Miele.<\/p>\n<p>I n\u00e4stan alla Bostadsr\u00e4ttsf\u00f6reningar \u00e4r ordning i tv\u00e4ttstugan ett tviste\u00e4mne. Ett enkelt s\u00e4tt att beh\u00e5lla god granns\u00e4mja \u00e4r att envar st\u00e4dar efter sig i tv\u00e4ttstugan.<\/p>\n<p>Minst f\u00f6ljande ska utf\u00f6ras efter varje tv\u00e4ttning:<\/p>\n<ul>\n<li>svabba av hela golvet med v\u00e5t mopp,<\/li>\n<li>torka av maskinerna ovanp\u00e5,<\/li>\n<li>g\u00f6r rent luddfiltret i torktumlare,<\/li>\n<li>g\u00f6r rent dammborsten,<\/li>\n<li>g\u00f6r rent i tv\u00e4tthon.<\/li>\n<\/ul>\n<p>\u00c4r inte st\u00e4dningen bra utf\u00f6rd, ta kontakt med den som var d\u00e4r innan dig!<\/p>\n<p><a href=\"https:\/\/krassen5.se\/wp-content\/uploads\/2012\/09\/Info-om-regler-i-tvattstugan.pdf\">Regler f\u00f6r anv\u00e4ndning av tv\u00e4ttstugan<\/a><\/p>\n","protected":false},"excerpt":{"rendered":"<p>I f\u00f6reningens tv\u00e4ttstuga finns tv\u00e5 maskiner, en torktumlare samt en tv\u00e4ttvagn. Samtliga maskiner \u00e4r fr\u00e5n Miele. I n\u00e4stan alla Bostadsr\u00e4ttsf\u00f6reningar \u00e4r ordning i tv\u00e4ttstugan ett tviste\u00e4mne. Ett enkelt s\u00e4tt att beh\u00e5lla god granns\u00e4mja \u00e4r att envar st\u00e4dar efter sig i<\/p>\n","protected":false},"author":3,"featured_media":0,"parent":106,"menu_order":2,"comment_status":"closed","ping_status":"closed","template":"","meta":{"footnotes":""},"class_list":["post-132","page","type-page","status-publish","hentry"],"_links":{"self":[{"href":"https:\/\/krassen5.se\/index.php?rest_route=\/wp\/v2\/pages\/132","targetHints":{"allow":["GET"]}}],"collection":[{"href":"https:\/\/krassen5.se\/index.php?rest_route=\/wp\/v2\/pages"}],"about":[{"href":"https:\/\/krassen5.se\/index.php?rest_route=\/wp\/v2\/types\/page"}],"author":[{"embeddable":true,"href":"https:\/\/krassen5.se\/index.php?rest_route=\/wp\/v2\/users\/3"}],"replies":[{"embeddable":true,"href":"https:\/\/krassen5.se\/index.php?rest_route=%2Fwp%2Fv2%2Fcomments&post=132"}],"version-history":[{"count":0,"href":"https:\/\/krassen5.se\/index.php?rest_route=\/wp\/v2\/pages\/132\/revisions"}],"up":[{"embeddable":true,"href":"https:\/\/krassen5.se\/index.php?rest_route=\/wp\/v2\/pages\/106"}],"wp:attachment":[{"href":"https:\/\/krassen5.se\/index.php?rest_route=%2Fwp%2Fv2%2Fmedia&parent=132"}],"curies":[{"name":"wp","href":"https:\/\/api.w.org\/{rel}","templated":true}]}}