{"id":11,"date":"2012-09-05T18:26:47","date_gmt":"2012-09-05T16:26:47","guid":{"rendered":"http:\/\/krassen5.se\/?page_id=11"},"modified":"2012-09-05T18:26:47","modified_gmt":"2012-09-05T16:26:47","slug":"om-krassen-5","status":"publish","type":"page","link":"https:\/\/krassen5.se\/","title":{"rendered":"Om Krassen 5"},"content":{"rendered":"<p>Org. nr.: 769616-1210.<\/p>\n<p>Brf Krassen\u00a05 bildades 2007 och \u00e4r bel\u00e4gen p\u00e5 L\u00f6tmogatan 7 i H\u00e4gersten. F\u00f6reningens fastighet f\u00f6rv\u00e4rvades 2010 och best\u00e5r av ett flerbostadshus om 4 v\u00e5ningar med 30 stycken l\u00e4genheter.<\/p>\n<p>Fastighetens byggnad \u00e4r uppf\u00f6rd 1940. Hela fastigheten och samtliga l\u00e4genheter genomgick en totalrenovering under 2009-2010. D\u00e5 skapades fyra l\u00e4genheter i markplanet och tre l\u00e4genheter i vindsplanet. I samband med renoveringen av fastigheten installerades \u00e4ven bergv\u00e4rme. F\u00f6r en fullst\u00e4nding \u00f6versyn av fastighetens status <a href=\"http:\/\/krassen5.se\/?page_id=44\">klicka h\u00e4r<\/a>!<\/p>\n","protected":false},"excerpt":{"rendered":"<p>Org. nr.: 769616-1210. Brf Krassen\u00a05 bildades 2007 och \u00e4r bel\u00e4gen p\u00e5 L\u00f6tmogatan 7 i H\u00e4gersten. F\u00f6reningens fastighet f\u00f6rv\u00e4rvades 2010 och best\u00e5r av ett flerbostadshus om 4 v\u00e5ningar med 30 stycken l\u00e4genheter. Fastighetens byggnad \u00e4r uppf\u00f6rd 1940. Hela fastigheten och samtliga<\/p>\n","protected":false},"author":3,"featured_media":0,"parent":0,"menu_order":1,"comment_status":"closed","ping_status":"closed","template":"","meta":{"footnotes":""},"class_list":["post-11","page","type-page","status-publish","hentry"],"_links":{"self":[{"href":"https:\/\/krassen5.se\/index.php?rest_route=\/wp\/v2\/pages\/11","targetHints":{"allow":["GET"]}}],"collection":[{"href":"https:\/\/krassen5.se\/index.php?rest_route=\/wp\/v2\/pages"}],"about":[{"href":"https:\/\/krassen5.se\/index.php?rest_route=\/wp\/v2\/types\/page"}],"author":[{"embeddable":true,"href":"https:\/\/krassen5.se\/index.php?rest_route=\/wp\/v2\/users\/3"}],"replies":[{"embeddable":true,"href":"https:\/\/krassen5.se\/index.php?rest_route=%2Fwp%2Fv2%2Fcomments&post=11"}],"version-history":[{"count":0,"href":"https:\/\/krassen5.se\/index.php?rest_route=\/wp\/v2\/pages\/11\/revisions"}],"wp:attachment":[{"href":"https:\/\/krassen5.se\/index.php?rest_route=%2Fwp%2Fv2%2Fmedia&parent=11"}],"curies":[{"name":"wp","href":"https:\/\/api.w.org\/{rel}","templated":true}]}}