{"id":106,"date":"2012-09-14T11:27:11","date_gmt":"2012-09-14T09:27:11","guid":{"rendered":"http:\/\/krassen5.se\/?page_id=106"},"modified":"2012-09-14T11:27:11","modified_gmt":"2012-09-14T09:27:11","slug":"for-medlemmar","status":"publish","type":"page","link":"https:\/\/krassen5.se\/?page_id=106","title":{"rendered":"Medlem"},"content":{"rendered":"<p>En bostadsr\u00e4ttsf\u00f6rening \u00e4r en ekonomisk f\u00f6rening vars \u00e4ndam\u00e5l\u00a0a\u0308r att uppla\u030ata bosta\u0308der eller lokaler med bostadsra\u0308tt i fo\u0308rening\u00adens fastighet a\u030at sina medlemmar (bostadsra\u0308ttshavare). Bostadsra\u0308ttsfo\u0308reningen styrs genom f\u00f6reningens stadgar, men \u00e4ven genom regler i bostadsra\u0308tts\u00adlagen och lagen om ekonomiska fo\u0308reningar. Tillsammans med o\u0308vriga medlemmar utser du som medlem en styrelse som besta\u0308mmer o\u0308ver f\u00f6reningens ekonomi och fo\u0308rvaltning.<\/p>\n<p>Na\u0308r du ko\u0308per en bostadsra\u0308tt blir du del\u00e4gare i bo\u00adstadsra\u0308ttsfo\u0308reningens tillga\u030angar och skulder. Det a\u0308r ett a\u0308gande som ger ba\u030ade ra\u0308ttigheter och skyldigheter. Alla i fo\u0308reningen ska ta ansvar inte bara fo\u0308r den egna la\u0308genheten utan a\u0308ven fo\u0308r fastigheten. Mer om detta st\u00e5r i <a href=\"http:\/\/krassen5.se\/?page_id=54\">bostadsra\u0308tts\u00adfo\u0308reningens stadgar<\/a>.<\/p>\n<h2>Vad a\u0308r en bostadsra\u0308tt?<\/h2>\n<p>Du som \u00e4r \u00e4gare av en bostadsra\u0308tt a\u0308r medlem i bostadsra\u0308tts\u00adfo\u0308reningen. Du m\u00e5ste vara medlem i bostadsr\u00e4ttsf\u00f6reningen som \u00e4gare av en bostadsr\u00e4tt.\u00a0 Det a\u0308r styrelsen som fattar beslut om medlemskapet i samband med \u00f6verl\u00e5telseavtalet (k\u00f6p av nyttjander\u00e4tt till en l\u00e4genhet).<\/p>\n<p>Bostadsra\u0308tthavare talar ofta om att de a\u0308ger sin la\u0308genhet, vilket formellt \u00e4r fel. Fo\u0308reningen a\u0308ger huset och har uppla\u030atit la\u0308genheten med bostadsra\u0308tt. Bostadsra\u0308ttshavaren a\u0308ger en andel i fo\u0308reningen och har en nyttjandera\u0308tt till la\u0308genheten utan tidsbegra\u0308nsning.<\/p>\n<p>Bostadsra\u0308ttshavarna har nyttjandera\u0308tt till sin bostad pa\u030a obegra\u0308nsad tid. Bostadsra\u0308tten kan sa\u0308ljas och den kan a\u0308rvas eller o\u0308verla\u030atas pa\u030a samma sa\u0308tt som andra tillga\u030angar.<\/p>\n","protected":false},"excerpt":{"rendered":"<p>En bostadsr\u00e4ttsf\u00f6rening \u00e4r en ekonomisk f\u00f6rening vars \u00e4ndam\u00e5l\u00a0a\u0308r att uppla\u030ata bosta\u0308der eller lokaler med bostadsra\u0308tt i fo\u0308rening\u00adens fastighet a\u030at sina medlemmar (bostadsra\u0308ttshavare). Bostadsra\u0308ttsfo\u0308reningen styrs genom f\u00f6reningens stadgar, men \u00e4ven genom regler i bostadsra\u0308tts\u00adlagen och lagen om ekonomiska fo\u0308reningar. Tillsammans med<\/p>\n","protected":false},"author":3,"featured_media":0,"parent":0,"menu_order":2,"comment_status":"closed","ping_status":"open","template":"","meta":{"footnotes":""},"class_list":["post-106","page","type-page","status-publish","hentry"],"_links":{"self":[{"href":"https:\/\/krassen5.se\/index.php?rest_route=\/wp\/v2\/pages\/106","targetHints":{"allow":["GET"]}}],"collection":[{"href":"https:\/\/krassen5.se\/index.php?rest_route=\/wp\/v2\/pages"}],"about":[{"href":"https:\/\/krassen5.se\/index.php?rest_route=\/wp\/v2\/types\/page"}],"author":[{"embeddable":true,"href":"https:\/\/krassen5.se\/index.php?rest_route=\/wp\/v2\/users\/3"}],"replies":[{"embeddable":true,"href":"https:\/\/krassen5.se\/index.php?rest_route=%2Fwp%2Fv2%2Fcomments&post=106"}],"version-history":[{"count":0,"href":"https:\/\/krassen5.se\/index.php?rest_route=\/wp\/v2\/pages\/106\/revisions"}],"wp:attachment":[{"href":"https:\/\/krassen5.se\/index.php?rest_route=%2Fwp%2Fv2%2Fmedia&parent=106"}],"curies":[{"name":"wp","href":"https:\/\/api.w.org\/{rel}","templated":true}]}}