{"id":101,"date":"2012-09-14T11:22:57","date_gmt":"2012-09-14T09:22:57","guid":{"rendered":"http:\/\/krassen5.se\/?page_id=101"},"modified":"2012-09-14T11:22:57","modified_gmt":"2012-09-14T09:22:57","slug":"mediator-fastighetskonsult","status":"publish","type":"page","link":"https:\/\/krassen5.se\/?page_id=101","title":{"rendered":"F\u00f6reningens ekonomiska f\u00f6rvaltare"},"content":{"rendered":"<div>\n<p>Kontakta ANNIKA om leverant\u00f6rsbetalningar, utl\u00e4gg, arvoden, l\u00f6ner<br \/>\nDirekt: 018-68 14 54 E-post: <a href=\"\/kontakt\/?showmail=annika\"> annika@mediator.se <\/a><\/p>\n<\/div>\n<p>Kontakta CAMILLA om\u00a0redovisning<br \/>\nDirekt: 018-68 14 55 E-post: <a href=\"\/kontakt\/?showmail=camilla\"> camilla@mediator.se <\/a><\/p>\n<p>Kontakta ERIKA om redovisning, pants\u00e4ttningar m\u00e4klarbilder<br \/>\nDirekt: 018-68 14 53 E-post: <a href=\"\/kontakt\/?showmail=erika\"> erika@mediator.se\u00a0<\/a><\/p>\n<p>Kontakta GUDRUN om redovisning, r\u00e5dgivning<br \/>\nDirekt: 018-68 14 57 E-post: <a href=\"\/kontakt\/?showmail=gudrun\"> gudrun@mediator.se <\/a><\/p>\n<p>Kontakta PIA om avgifter\/hyror \u00f6verl\u00e5telser, autogiron<br \/>\nDirekt: 018-68 14 56 E-post: <a href=\"\/kontakt\/?showmail=pia\">pia@mediator.se\u00a0<\/a><\/p>\n<p>Kontakta chefen PER ANDERS FORSGREN i \u00f6vriga \u00e4renden<br \/>\nDirekt: 018-68 14 51 E-post: <a href=\"\/kontakt\/?showmail=pa\"> pa@mediator.se <\/a><\/p>\n<div id=\"kontaktinfo\">\n<div id=\"info\">\n<p>Bes\u00f6ksadress: Kungsgatan 16 753 32 UPPSALA Postadress: Box 3080 750 03 UPPSALA V\u00e4xel: 018-13 14 50 Fax: 018-69 23 20<\/p>\n<\/div>\n<\/div>\n","protected":false},"excerpt":{"rendered":"<p>Kontakta ANNIKA om leverant\u00f6rsbetalningar, utl\u00e4gg, arvoden, l\u00f6ner Direkt: 018-68 14 54 E-post: annika@mediator.se Kontakta CAMILLA om\u00a0redovisning Direkt: 018-68 14 55 E-post: camilla@mediator.se Kontakta ERIKA om redovisning, pants\u00e4ttningar m\u00e4klarbilder Direkt: 018-68 14 53 E-post: erika@mediator.se\u00a0 Kontakta GUDRUN om redovisning, r\u00e5dgivning Direkt:<\/p>\n","protected":false},"author":3,"featured_media":0,"parent":33,"menu_order":0,"comment_status":"closed","ping_status":"open","template":"","meta":{"footnotes":""},"class_list":["post-101","page","type-page","status-publish","hentry"],"_links":{"self":[{"href":"https:\/\/krassen5.se\/index.php?rest_route=\/wp\/v2\/pages\/101","targetHints":{"allow":["GET"]}}],"collection":[{"href":"https:\/\/krassen5.se\/index.php?rest_route=\/wp\/v2\/pages"}],"about":[{"href":"https:\/\/krassen5.se\/index.php?rest_route=\/wp\/v2\/types\/page"}],"author":[{"embeddable":true,"href":"https:\/\/krassen5.se\/index.php?rest_route=\/wp\/v2\/users\/3"}],"replies":[{"embeddable":true,"href":"https:\/\/krassen5.se\/index.php?rest_route=%2Fwp%2Fv2%2Fcomments&post=101"}],"version-history":[{"count":0,"href":"https:\/\/krassen5.se\/index.php?rest_route=\/wp\/v2\/pages\/101\/revisions"}],"up":[{"embeddable":true,"href":"https:\/\/krassen5.se\/index.php?rest_route=\/wp\/v2\/pages\/33"}],"wp:attachment":[{"href":"https:\/\/krassen5.se\/index.php?rest_route=%2Fwp%2Fv2%2Fmedia&parent=101"}],"curies":[{"name":"wp","href":"https:\/\/api.w.org\/{rel}","templated":true}]}}